{"id":162,"date":"2023-04-11T18:24:38","date_gmt":"2023-04-11T17:24:38","guid":{"rendered":"https:\/\/ambrabat.esteri.it\/diplomazia-culturale\/studiare-in-italia\/"},"modified":"2024-04-23T13:21:09","modified_gmt":"2024-04-23T12:21:09","slug":"studiare-in-italia","status":"publish","type":"page","link":"https:\/\/ambrabat.esteri.it\/fr\/italia-e-marocco\/diplomazia-culturale\/studiare-in-italia\/","title":{"rendered":"Etudier en Italie"},"content":{"rendered":"<p>Les \u00e9tudiants marocains souhaitant poursuivre leurs \u00e9tudes sup\u00e9rieures en Italie devront suivre les proc\u00e9dures suivantes :<\/p>\n<ul>\n<li>Pr\u00e9senter la demande d\u2019admission sur le site web de l\u2019\u00e9tablissement d\u2019enseignement sup\u00e9rieur choisi dans les d\u00e9lais fix\u00e9s par cet \u00e9tablissement. Il faudrait noter que chaque \u00e9tablissement a des conditions, des d\u00e9lais et des taxes diff\u00e9rentes.<\/li>\n<li>Une fois admis au cours choisi, faire la demande de pr\u00e9inscription en ligne sur le portail <a href=\"https:\/\/www.universitaly.it\/index.php\/\">UNIVERSITALY<\/a>. Les pr\u00e9inscriptions pour l\u2019ann\u00e9e acad\u00e9mique 2024\/2025 sont ouvertes !<\/li>\n<li>Une fois la pr\u00e9inscription effectu\u00e9e, demander un visa D-VISA si la dur\u00e9e du cours est sup\u00e9rieure \u00e0 90 jours, ou un visa C-VISA si la dur\u00e9e du cours est inf\u00e9rieure \u00e0 90 jours.<\/li>\n<\/ul>\n<p>Le d\u00e9veloppement des relations entre les universit\u00e9s marocaines et italiennes et l&rsquo;augmentation du flux d&rsquo;\u00e9tudiants marocains en Italie sont parmi les activit\u00e9s qui int\u00e9ressent le r\u00e9seau diplomatique-consulaire italien au Maroc. Pour ce faire, ce dernier fait recours \u00e0 la contribution de <a href=\"http:\/\/www.uni-italia.it\/en\">Uni-Italia<\/a>,\u00a0 l\u2019Association officielle italienne pour la promotion de l\u2019enseignement sup\u00e9rieur italien et l\u2019assistance aux \u00e9tudiants internationaux qui ont l\u2019intention de poursuivre leurs \u00e9tudes en Italie. L\u2019Association est pr\u00e9sente \u00e0 Rabat, au sein des locaux de l\u2019Ambassade d\u2019Italie, e \u00e0 Casablanca avec un Repr\u00e9sentant.<\/p>\n<p>Les \u00e9tudiants qui choisissent de se pr\u00e9valoir de l\u2019assistance d\u2019Uni-Italia seront assist\u00e9s tout au long de la proc\u00e9dure d&rsquo;admission, de pr\u00e9inscription et de demande de visa d&rsquo;\u00e9tudes. Pour plus d&rsquo;informations sur l&rsquo;assistance offerte par Uni-Italia et les frais y aff\u00e9rents, veuillez contacter le bureau d&rsquo;Uni-Italia aux adresses suivantes\u00a0:<\/p>\n<p><strong>Bureau Uni-Italia Rabat<\/strong><\/p>\n<p><strong>Ambassade d\u2019Italie \u2013 Rabat <\/strong><\/p>\n<p>Adresse: 2 Rue Idriss Al Azhar, Rabat<\/p>\n<p>Tel: +212 662515055<\/p>\n<p>Email: <a href=\"mailto:rabat@uni-italia.it\">rabat@uni-italia.it<\/a><\/p>\n<p>Instagram : uni_italia_marocco<\/p>\n<p>Facebook : uni-italia Marocco<\/p>\n<p>Twitter: marocco_uni<\/p>\n<p><strong>Bureau Uni-Italia Casablanca<br \/>\nConsulat G\u00e9n\u00e9ral d&rsquo;Italie<br \/>\n<\/strong>Adresse: Av. Hassan Souktani, Casablanca 20250<br \/>\nTel: +212 662515052<br \/>\nEmail: <a href=\"mailto:casablanca@uni-italia.it\">casablanca@uni-italia.it<\/a><\/p>\n<p>Instagram : uni_italia_marocco<br \/>\nFacebook : uni-italia Marocco<br \/>\nTwitter: marocco_uni<\/p>\n<p>Link utiles :<\/p>\n<ul>\n<li>pour un aper\u00e7u g\u00e9n\u00e9ral du syst\u00e8me d\u2019enseignement sup\u00e9rieur et des \u00e9tablissements, des bourses d\u2019\u00e9tudes, des opportunit\u00e9s et des proc\u00e9dures\u00a0:\u00a0 a panoramica generale del sistema di istruzione superiore e delle istituzioni, delle borse di studio, delle opportunit\u00e0 e delle procedure:\u00a0<a href=\"https:\/\/education.ec.europa.eu\/study-in-europe\/countries\/italy\">Italy country profile | European Education Area (europa.eu)<\/a><\/li>\n<li>per l\u2019elenco dei corsi di inglese offerti dalle universit\u00e0 italiane, le procedure del test d\u2019ingresso IMAT per Medicina e Chirurgia e la domanda di preiscrizione per gli studenti internazionali:\u00a0<a href=\"https:\/\/www.universitaly.it\/index.php\/\">Universitaly \u2013 L\u2019Universit\u00e0 italiana a portata di click<\/a><\/li>\n<\/ul>\n","protected":false},"excerpt":{"rendered":"Les \u00e9tudiants marocains souhaitant poursuivre leurs \u00e9tudes sup\u00e9rieures en Italie devront suivre les proc\u00e9dures suivantes : Pr\u00e9senter la demande d\u2019admission sur le site web de l\u2019\u00e9tablissement d\u2019enseignement sup\u00e9rieur choisi dans les d\u00e9lais fix\u00e9s par cet \u00e9tablissement. Il faudrait noter que chaque \u00e9tablissement a des conditions, des d\u00e9lais et des taxes diff\u00e9rentes. Une fois admis au [&hellip;]","protected":false},"author":1,"featured_media":0,"parent":159,"menu_order":0,"comment_status":"closed","ping_status":"closed","template":"","meta":{"footnotes":""},"class_list":["post-162","page","type-page","status-publish","hentry"],"_links":{"self":[{"href":"https:\/\/ambrabat.esteri.it\/fr\/wp-json\/wp\/v2\/pages\/162","targetHints":{"allow":["GET"]}}],"collection":[{"href":"https:\/\/ambrabat.esteri.it\/fr\/wp-json\/wp\/v2\/pages"}],"about":[{"href":"https:\/\/ambrabat.esteri.it\/fr\/wp-json\/wp\/v2\/types\/page"}],"author":[{"embeddable":true,"href":"https:\/\/ambrabat.esteri.it\/fr\/wp-json\/wp\/v2\/users\/1"}],"replies":[{"embeddable":true,"href":"https:\/\/ambrabat.esteri.it\/fr\/wp-json\/wp\/v2\/comments?post=162"}],"version-history":[{"count":2,"href":"https:\/\/ambrabat.esteri.it\/fr\/wp-json\/wp\/v2\/pages\/162\/revisions"}],"predecessor-version":[{"id":1898,"href":"https:\/\/ambrabat.esteri.it\/fr\/wp-json\/wp\/v2\/pages\/162\/revisions\/1898"}],"up":[{"embeddable":true,"href":"https:\/\/ambrabat.esteri.it\/fr\/wp-json\/wp\/v2\/pages\/159"}],"wp:attachment":[{"href":"https:\/\/ambrabat.esteri.it\/fr\/wp-json\/wp\/v2\/media?parent=162"}],"curies":[{"name":"wp","href":"https:\/\/api.w.org\/{rel}","templated":true}]}}