{"id":167,"date":"2023-04-11T17:53:01","date_gmt":"2023-04-11T16:53:01","guid":{"rendered":"https:\/\/ambrabat.esteri.it\/chi-siamo\/lambasciatore\/"},"modified":"2025-09-23T16:03:29","modified_gmt":"2025-09-23T15:03:29","slug":"lambasciatore","status":"publish","type":"page","link":"https:\/\/ambrabat.esteri.it\/fr\/chi-siamo\/lambasciatore\/","title":{"rendered":"L&rsquo;Ambassadeur"},"content":{"rendered":"<p>Pasquale Salzano<br \/>\nAmbassadeur d\u2019Italie aupr\u00e8s du Royaume du Maroc<\/p>\n<p><img loading=\"lazy\" decoding=\"async\" class=\"alignnone wp-image-2530 img-fluid\" src=\"https:\/\/ambrabat.esteri.it\/wp-content\/uploads\/2025\/07\/SALZANO-300x168.jpg\" alt=\"\" width=\"471\" height=\"264\" srcset=\"https:\/\/ambrabat.esteri.it\/wp-content\/uploads\/2025\/07\/SALZANO-300x168.jpg 300w, https:\/\/ambrabat.esteri.it\/wp-content\/uploads\/2025\/07\/SALZANO-1024x575.jpg 1024w, https:\/\/ambrabat.esteri.it\/wp-content\/uploads\/2025\/07\/SALZANO-768x431.jpg 768w, https:\/\/ambrabat.esteri.it\/wp-content\/uploads\/2025\/07\/SALZANO.jpg 1600w\" sizes=\"auto, (max-width: 471px) 100vw, 471px\" \/><\/p>\n<p>Pasquale Salzano est Ambassadeur d\u2019Italie au Royaume du Maroc depuis juillet 2025.<br \/>\nDiplomate de carri\u00e8re, il poss\u00e8de une vaste exp\u00e9rience dans la politique \u00e9trang\u00e8re, la diplomatie \u00e9conomique et les relations internationales, ayant occup\u00e9 des postes \u00e0 responsabilit\u00e9 en Italie et \u00e0 l\u2019\u00e9tranger, tant dans les institutions publiques que dans le secteur priv\u00e9.<\/p>\n<p>Il entre dans la carri\u00e8re diplomatique en 1999 au minist\u00e8re des Affaires \u00e9trang\u00e8res et, apr\u00e8s un premier poste \u00e0 Rome aupr\u00e8s de la Direction g\u00e9n\u00e9rale pour l\u2019int\u00e9gration europ\u00e9enne, il sert comme Chef de cabinet de la Mission de l\u2019OSCE \u00e0 Belgrade (2001) et, l\u2019ann\u00e9e suivante, \u00e0 Pristina pour l\u2019ouverture du Bureau diplomatique italien au Kosovo, aujourd\u2019hui Ambassade d\u2019Italie. Par la suite, il est affect\u00e9 \u00e0 la Repr\u00e9sentation permanente d\u2019Italie aupr\u00e8s des Nations Unies \u00e0 New York, o\u00f9 il suit en particulier les dossiers concernant les Balkans.<\/p>\n<p>En 2007, il rejoint le Cabinet du Conseiller diplomatique du Pr\u00e9sident du Conseil, o\u00f9 il est nomm\u00e9 Chef du Bureau Sherpa du G8 de L\u2019Aquila aupr\u00e8s de la Pr\u00e9sidence du Conseil des Ministres. \u00c0 l\u2019issue de la pr\u00e9sidence italienne du G8 de 2009, il est d\u00e9tach\u00e9 au Secr\u00e9tariat de l\u2019OCDE \u00e0 Paris en tant que Directeur du \u201cProcessus de Heiligendamm\/L\u2019Aquila\u201d, un dialogue structur\u00e9 entre le G8 et les principales \u00e9conomies \u00e9mergentes de l\u2019\u00e9poque, visant \u00e0 favoriser la coop\u00e9ration sur des th\u00e8mes tels que l\u2019innovation, les investissements, le d\u00e9veloppement et l\u2019\u00e9nergie.<\/p>\n<p>De 2011 \u00e0 2017, il est d\u00e9tach\u00e9 aupr\u00e8s du Groupe Eni, o\u00f9 il assume la responsabilit\u00e9 des relations institutionnelles internationales et dirige le bureau d\u2019Eni aux \u00c9tats-Unis. En 2014, il est nomm\u00e9 Senior Vice President, rejoignant le Comit\u00e9 de direction, et en 2015, il devient Executive Vice President et Directeur des Affaires institutionnelles nationales et internationales.<\/p>\n<p>Il revient ensuite au minist\u00e8re des Affaires \u00e9trang\u00e8res comme Ambassadeur d\u2019Italie au Qatar (2017-2019), \u00e0 une p\u00e9riode marqu\u00e9e par de fortes tensions r\u00e9gionales et par le r\u00f4le strat\u00e9gique croissant du pays sur la sc\u00e8ne internationale, renfor\u00e7ant la coop\u00e9ration politique et \u00e9conomique bilat\u00e9rale.<\/p>\n<p>De 2019 \u00e0 2025, il est Pr\u00e9sident de SIMEST et Directeur des Affaires europ\u00e9ennes et internationales de Cassa Depositi e Prestiti, ainsi que Pr\u00e9sident de la Fondation CDP (2020-2021). Depuis 2024, en qualit\u00e9 de Pr\u00e9sident de SIMEST, il a \u00e9t\u00e9 membre de la Cellule de coordination du Plan Mattei aupr\u00e8s de la Pr\u00e9sidence du Conseil des Ministres, organe de haut niveau charg\u00e9 de piloter la strat\u00e9gie italienne de coop\u00e9ration et de d\u00e9veloppement en Afrique, fond\u00e9e sur un partenariat d\u2019\u00e9gal \u00e0 \u00e9gal et mutuellement b\u00e9n\u00e9fique, avec un accent sur les partenariats dans les domaines des infrastructures, de l\u2019\u00e9nergie et de la formation entre l\u2019Italie et les pays africains.<\/p>\n<p>Juriste de formation, avocat, il est dipl\u00f4m\u00e9 en droit de l\u2019Universit\u00e9 Federico II de Naples, titulaire d\u2019un doctorat en droit international de l\u2019Universit\u00e9 de Sienne, et a suivi des cours de perfectionnement \u00e0 la Harvard Kennedy School, au Jackson Institute de l\u2019Universit\u00e9 de Yale et \u00e0 l\u2019Oxford Institute for Energy Studies. Laur\u00e9at du titre de Young Global Leader d\u00e9cern\u00e9 par le Forum \u00e9conomique mondial (2010), il a \u00e9t\u00e9 membre du Comit\u00e9 ex\u00e9cutif d\u2019ASSONIME, du Conseil g\u00e9n\u00e9ral de l\u2019Aspen Institute Italia, du Conseil d\u2019administration de l\u2019European Council on Foreign Relations, ainsi que de ceux de l\u2019ISPI et de l\u2019IAI.<\/p>\n<p>Auteur de publications sur l\u2019\u00e9nergie et la g\u00e9opolitique, il a enseign\u00e9 la G\u00e9opolitique du gaz \u00e0 la LUISS Business School de Rome et il est Directeur de programme des Masters dans le domaine de l\u2019exportation \u00e0 la 24ORE Business School.<\/p>\n","protected":false},"excerpt":{"rendered":"Pasquale Salzano Ambassadeur d\u2019Italie aupr\u00e8s du Royaume du Maroc Pasquale Salzano est Ambassadeur d\u2019Italie au Royaume du Maroc depuis juillet 2025. Diplomate de carri\u00e8re, il poss\u00e8de une vaste exp\u00e9rience dans la politique \u00e9trang\u00e8re, la diplomatie \u00e9conomique et les relations internationales, ayant occup\u00e9 des postes \u00e0 responsabilit\u00e9 en Italie et \u00e0 l\u2019\u00e9tranger, tant dans les institutions [&hellip;]","protected":false},"author":1,"featured_media":0,"parent":148,"menu_order":0,"comment_status":"closed","ping_status":"closed","template":"","meta":{"footnotes":""},"class_list":["post-167","page","type-page","status-publish","hentry"],"_links":{"self":[{"href":"https:\/\/ambrabat.esteri.it\/fr\/wp-json\/wp\/v2\/pages\/167","targetHints":{"allow":["GET"]}}],"collection":[{"href":"https:\/\/ambrabat.esteri.it\/fr\/wp-json\/wp\/v2\/pages"}],"about":[{"href":"https:\/\/ambrabat.esteri.it\/fr\/wp-json\/wp\/v2\/types\/page"}],"author":[{"embeddable":true,"href":"https:\/\/ambrabat.esteri.it\/fr\/wp-json\/wp\/v2\/users\/1"}],"replies":[{"embeddable":true,"href":"https:\/\/ambrabat.esteri.it\/fr\/wp-json\/wp\/v2\/comments?post=167"}],"version-history":[{"count":6,"href":"https:\/\/ambrabat.esteri.it\/fr\/wp-json\/wp\/v2\/pages\/167\/revisions"}],"predecessor-version":[{"id":2777,"href":"https:\/\/ambrabat.esteri.it\/fr\/wp-json\/wp\/v2\/pages\/167\/revisions\/2777"}],"up":[{"embeddable":true,"href":"https:\/\/ambrabat.esteri.it\/fr\/wp-json\/wp\/v2\/pages\/148"}],"wp:attachment":[{"href":"https:\/\/ambrabat.esteri.it\/fr\/wp-json\/wp\/v2\/media?parent=167"}],"curies":[{"name":"wp","href":"https:\/\/api.w.org\/{rel}","templated":true}]}}