{"id":168,"date":"2023-04-11T17:55:33","date_gmt":"2023-04-11T16:55:33","guid":{"rendered":"https:\/\/ambrabat.esteri.it\/chi-siamo\/la-sede\/"},"modified":"2023-11-29T11:40:31","modified_gmt":"2023-11-29T10:40:31","slug":"la-sede","status":"publish","type":"page","link":"https:\/\/ambrabat.esteri.it\/fr\/chi-siamo\/la-sede\/","title":{"rendered":"Quartier g\u00e9n\u00e9ral"},"content":{"rendered":"<p>L&rsquo;entr\u00e9e de la Chancellerie Diplomatique<\/p>\n<p><a href=\"https:\/\/www.google.com\/maps\/place\/Ambassade+d'Italie\/@34.0208616,-6.8622922,13z\/data=!4m6!3m5!1s0xda76b9064a418db:0xd692bed888761d90!8m2!3d34.0208572!4d-6.8210935!16s%2Fg%2F1218rv_z?entry=ttu\">Carte<\/a><\/p>\n","protected":false},"excerpt":{"rendered":"L&rsquo;entr\u00e9e de la Chancellerie Diplomatique Carte","protected":false},"author":1,"featured_media":0,"parent":148,"menu_order":2,"comment_status":"closed","ping_status":"closed","template":"","meta":{"footnotes":""},"class_list":["post-168","page","type-page","status-publish","hentry"],"_links":{"self":[{"href":"https:\/\/ambrabat.esteri.it\/fr\/wp-json\/wp\/v2\/pages\/168","targetHints":{"allow":["GET"]}}],"collection":[{"href":"https:\/\/ambrabat.esteri.it\/fr\/wp-json\/wp\/v2\/pages"}],"about":[{"href":"https:\/\/ambrabat.esteri.it\/fr\/wp-json\/wp\/v2\/types\/page"}],"author":[{"embeddable":true,"href":"https:\/\/ambrabat.esteri.it\/fr\/wp-json\/wp\/v2\/users\/1"}],"replies":[{"embeddable":true,"href":"https:\/\/ambrabat.esteri.it\/fr\/wp-json\/wp\/v2\/comments?post=168"}],"version-history":[{"count":2,"href":"https:\/\/ambrabat.esteri.it\/fr\/wp-json\/wp\/v2\/pages\/168\/revisions"}],"predecessor-version":[{"id":1526,"href":"https:\/\/ambrabat.esteri.it\/fr\/wp-json\/wp\/v2\/pages\/168\/revisions\/1526"}],"up":[{"embeddable":true,"href":"https:\/\/ambrabat.esteri.it\/fr\/wp-json\/wp\/v2\/pages\/148"}],"wp:attachment":[{"href":"https:\/\/ambrabat.esteri.it\/fr\/wp-json\/wp\/v2\/media?parent=168"}],"curies":[{"name":"wp","href":"https:\/\/api.w.org\/{rel}","templated":true}]}}