{"id":169,"date":"2023-04-11T18:01:19","date_gmt":"2023-04-11T17:01:19","guid":{"rendered":"https:\/\/ambrabat.esteri.it\/chi-siamo\/gli-uffici\/"},"modified":"2023-11-29T10:56:26","modified_gmt":"2023-11-29T09:56:26","slug":"gli-uffici","status":"publish","type":"page","link":"https:\/\/ambrabat.esteri.it\/fr\/chi-siamo\/gli-uffici\/","title":{"rendered":"Les bureaux"},"content":{"rendered":"<div>\n<p><span id=\"Testo_pag_int_3\"><strong>Num\u00e9ros de t\u00e9l\u00e9phone et adresses de courier \u00e9lectronique des Bureaux et Services de l&rsquo;Ambassade:<\/strong><\/span><\/p>\n<p><strong>Operateur<\/strong> <strong>:+212(0)537 219 730<\/strong><\/p>\n<p><strong>Secretaire Ambassadeur<\/strong>:<strong> +212(0)537 219 760\/1<\/strong>\u00a0 \u00a0\u00a0\u00a0\u00a0\u00a0\u00a0\u00a0\u00a0\u00a0 <a href=\"mailto:segreteria.rabat@esteri.it\">segreteria.rabat@esteri.it\u00a0<\/a><\/p>\n<p><strong>Commercial<\/strong> : <strong>+212(0)537 219 745\u00a0\u00a0\u00a0\u00a0\u00a0\u00a0\u00a0\u00a0\u00a0\u00a0\u00a0\u00a0\u00a0\u00a0\u00a0\u00a0\u00a0\u00a0\u00a0\u00a0\u00a0\u00a0\u00a0\u00a0\u00a0\u00a0\u00a0\u00a0\u00a0\u00a0\u00a0\u00a0\u00a0\u00a0\u00a0 <\/strong><a href=\"mailto:commerciale.rabat@esteri.it\">commerciale.rabat@esteri.it<\/a><\/p>\n<p><strong>Service\u00a0Visa<\/strong>\u00a0:\u00a0<strong>+212(0)537 219 741\u00a0\u00a0\u00a0\u00a0\u00a0\u00a0\u00a0\u00a0\u00a0\u00a0\u00a0\u00a0\u00a0\u00a0\u00a0\u00a0\u00a0\u00a0\u00a0\u00a0\u00a0\u00a0\u00a0\u00a0\u00a0\u00a0\u00a0\u00a0\u00a0\u00a0\u00a0\u00a0\u00a0\u00a0\u00a0 <\/strong><span id=\"Testo_pag_int_3\"><a href=\"mailto:visa.rabat@esteri.it\">visa.rabat@esteri.it<\/a><\/span><\/p>\n<p><strong>Service Consulaire<\/strong> : <strong>+212(0)537 219 733\/736\/737<\/strong>\u00a0\u00a0\u00a0\u00a0\u00a0\u00a0\u00a0 <a href=\"mailto:consolare.rabat@esteri.it\">consolare.rabat@esteri.it<\/a> (NO VISA)<\/p>\n<p><span id=\"Testo_pag_int_3\">Ouverture au public du Service Consulaire:<\/span><\/p>\n<p>L&rsquo;ACCES SERA GARANTI A UN NUMERO LIMITE DE PERSONNES DANS LES JOURNEES DU MARDI, MERCREDI\u00a0ET\u00a0JEUDI DE 10.00\u00a0A\u00a013.00<\/p>\n<p>IL EST OBLIGATOIRE LA RESERVATION <a href=\"https:\/\/prenotami.esteri.it\/\">ONLINE <\/a><\/p>\n<p>Il est n\u00e9cessaire de confirmer le rendez-vous 10 \u00e0 3 jours avant la date s\u00e9lectionn\u00e9e sous peine d\u2019annulation\/expiration du rendez-vous.<\/p>\n<p>Conform\u00e9ment aux dispositions de la l\u00e9gislation italienne et marocaine sur l&rsquo;acc\u00e8s aux bureaux de l&rsquo;administration publique, <strong>seules les personnes en possession d&rsquo;un certificat de vaccination valide seront autoris\u00e9es \u00e0 entrer dans les bureaux du Registre consulaire<\/strong>.<\/p>\n<p><strong>Comptabilit\u00e9<\/strong> : <strong>+212(0)537 219 750\/1\/2\/3<\/strong>\u00a0\u00a0\u00a0 <a href=\"mailto:contabilita.rabat@esteri.it\">contabilita.rabat@esteri.it<\/a><\/p>\n<p><strong>Bureaux de l&rsquo;Attach\u00e9 Militaire<\/strong><br \/>\n40 Avenue des Nations Unies &#8211; Agdal, Rabat<br \/>\nTel. : <strong>+212(0)537 672 211<br \/>\n<\/strong>\u00a0Fax:<strong>\u00a0\u00a0+212(0)537 675 295<\/strong><br \/>\nCour. \u00e9lectronique : difeitalia.rabat@smd.difesa.it<\/p>\n<p><strong>Institut Italien de Culture<\/strong><br \/>\n2bis, Avenue Ahmed El Yazidi (ex Rue de Mekn\u00e8s) &#8211; Hassan, Rabat<br \/>\nTel.: <strong>+212(0)537 766 826<br \/>\n+212(0)537\u00a0 766 847<br \/>\n<\/strong>\u00a0Fax: <strong>+212(0)537 766 856<\/strong><br \/>\nSite Internet: <a href=\"https:\/\/iicrabat.esteri.it\/fr\/\">www.iicrabat.esteri.it<\/a><br \/>\nCour. \u00e9lectronique : iicrabat@esteri.it<\/p>\n<p>&#8212;&#8212;&#8212;&#8212;&#8212;&#8212;&#8212;&#8212;&#8212;&#8212;&#8212;&#8212;&#8212;&#8212;&#8212;&#8212;&#8212;&#8212;&#8212;&#8212;&#8212;&#8212;&#8212;&#8212;&#8212;&#8212;&#8212;&#8212;&#8212;&#8212;&#8212;-<\/p>\n<p><strong><em>Note sur la num\u00e9rotation t\u00e9l\u00e9phonique:<\/em><\/strong><\/p>\n<p>* Pour les appels \u00e0 partir de l&rsquo;Europe composer (ex.) : 00212 537 219 730<\/p>\n<p>* Pour les appels \u00e0 partir du Maroc composer (ex.) :\u00a00537 219 730<\/p>\n<\/div>\n","protected":false},"excerpt":{"rendered":"Num\u00e9ros de t\u00e9l\u00e9phone et adresses de courier \u00e9lectronique des Bureaux et Services de l&rsquo;Ambassade: Operateur :+212(0)537 219 730 Secretaire Ambassadeur: +212(0)537 219 760\/1\u00a0 \u00a0\u00a0\u00a0\u00a0\u00a0\u00a0\u00a0\u00a0\u00a0 segreteria.rabat@esteri.it\u00a0 Commercial : +212(0)537 219 745\u00a0\u00a0\u00a0\u00a0\u00a0\u00a0\u00a0\u00a0\u00a0\u00a0\u00a0\u00a0\u00a0\u00a0\u00a0\u00a0\u00a0\u00a0\u00a0\u00a0\u00a0\u00a0\u00a0\u00a0\u00a0\u00a0\u00a0\u00a0\u00a0\u00a0\u00a0\u00a0\u00a0\u00a0\u00a0 commerciale.rabat@esteri.it Service\u00a0Visa\u00a0:\u00a0+212(0)537 219 741\u00a0\u00a0\u00a0\u00a0\u00a0\u00a0\u00a0\u00a0\u00a0\u00a0\u00a0\u00a0\u00a0\u00a0\u00a0\u00a0\u00a0\u00a0\u00a0\u00a0\u00a0\u00a0\u00a0\u00a0\u00a0\u00a0\u00a0\u00a0\u00a0\u00a0\u00a0\u00a0\u00a0\u00a0\u00a0 visa.rabat@esteri.it Service Consulaire : +212(0)537 219 733\/736\/737\u00a0\u00a0\u00a0\u00a0\u00a0\u00a0\u00a0 consolare.rabat@esteri.it (NO VISA) Ouverture au public du Service Consulaire: L&rsquo;ACCES SERA GARANTI A UN [&hellip;]","protected":false},"author":1,"featured_media":0,"parent":148,"menu_order":4,"comment_status":"closed","ping_status":"closed","template":"","meta":{"footnotes":""},"class_list":["post-169","page","type-page","status-publish","hentry"],"_links":{"self":[{"href":"https:\/\/ambrabat.esteri.it\/fr\/wp-json\/wp\/v2\/pages\/169","targetHints":{"allow":["GET"]}}],"collection":[{"href":"https:\/\/ambrabat.esteri.it\/fr\/wp-json\/wp\/v2\/pages"}],"about":[{"href":"https:\/\/ambrabat.esteri.it\/fr\/wp-json\/wp\/v2\/types\/page"}],"author":[{"embeddable":true,"href":"https:\/\/ambrabat.esteri.it\/fr\/wp-json\/wp\/v2\/users\/1"}],"replies":[{"embeddable":true,"href":"https:\/\/ambrabat.esteri.it\/fr\/wp-json\/wp\/v2\/comments?post=169"}],"version-history":[{"count":3,"href":"https:\/\/ambrabat.esteri.it\/fr\/wp-json\/wp\/v2\/pages\/169\/revisions"}],"predecessor-version":[{"id":1497,"href":"https:\/\/ambrabat.esteri.it\/fr\/wp-json\/wp\/v2\/pages\/169\/revisions\/1497"}],"up":[{"embeddable":true,"href":"https:\/\/ambrabat.esteri.it\/fr\/wp-json\/wp\/v2\/pages\/148"}],"wp:attachment":[{"href":"https:\/\/ambrabat.esteri.it\/fr\/wp-json\/wp\/v2\/media?parent=169"}],"curies":[{"name":"wp","href":"https:\/\/api.w.org\/{rel}","templated":true}]}}