{"id":171,"date":"2023-04-11T18:08:31","date_gmt":"2023-04-11T17:08:31","guid":{"rendered":"https:\/\/ambrabat.esteri.it\/chi-siamo\/la-rete-consolare\/"},"modified":"2023-11-29T11:02:04","modified_gmt":"2023-11-29T10:02:04","slug":"la-rete-consolare","status":"publish","type":"page","link":"https:\/\/ambrabat.esteri.it\/fr\/chi-siamo\/la-rete-consolare\/","title":{"rendered":"Le r\u00e9seau consulaire"},"content":{"rendered":"<div>\n<p>Notre r\u00e9seau au Maroc et en Mauritanie.<\/p>\n<p><strong>CONSULATS<\/strong><\/p>\n<p><a href=\"https:\/\/conscasablanca.esteri.it\/fr\/\">Consulat G\u00e9n\u00e9ral \u00e0 CASABLANCA<\/a><br \/>\nAdresse: 21, Av. Hassan Souktani &#8211; CASABLANCA<br \/>\nTel. 00212 (0)522 437 070<br \/>\n00212 (0)522 277 558<br \/>\n00212 (0)522 220 068<br \/>\nFax.\u00a0 00212 (0)522 277 139<br \/>\nFax bur visa: 00212 (0)522 223 880<br \/>\nSite web: www.conscasablanca.esteri.it<br \/>\nE-mail: segreteria.casablanca@esteri.it<br \/>\nE-mail: Ufficio visti: <a href=\"mailto:visti.casablanca@esteri.it\">visti.casablanca@esteri.<\/a>it<\/p>\n<p>&nbsp;<\/p>\n<p><strong>MAURITANIE<\/strong><\/p>\n<p>Consulat G\u00e9n\u00e9ral Honoraire \u00e0\u00a0Nouakchott<\/p>\n<p>Consul G\u00e9n\u00e9ral Honoraire: M. Ahmed Baba Azizi EL MAMY<br \/>\nAddresse: Avenue Bourguiba, 23<br \/>\nCell: +222 (0) 4525 5656<br \/>\nEmail: <a href=\"mailto:nouakchott.onorario@gmail.com\">nouakchott.onorario@gmail.com<\/a><\/p>\n<p><a href=\"https:\/\/ambrabat.esteri.it\/wp-content\/uploads\/2023\/11\/estratto_dlf_azizi_el_mamy_cgo_nouakchott_mauritania_fr-1.pdf\">D\u00e9cret de limitation des fonctionnes consulaires<\/a><\/p>\n<p>&nbsp;<\/p>\n<p><strong>CONSULAT HONORAIRES AU MAROC<\/strong>:<\/p>\n<p>Vice Consulat Honoraire AGADIR<br \/>\nVice Consul honoraire: m.me Antonella BERTONCELLO<br \/>\nAdresse: Avenue Hassan II &#8211; Immeuble OUMLIL, 3\u00e8me \u00e9tage, Bureau n. 20<br \/>\nHoraires au public: dal lunedi&rsquo; al venerdi&rsquo; dalle 9 alle 13<br \/>\nTel: 00212 (0) 528 847139<br \/>\nCell: 00212.(0) 670 636679 (attivo dalle 9 alle 12 e dalle 14 alle 18)<br \/>\nE-mail:\u00a0<a href=\"mailto:v.consolatoagadir@gmail.com\">v.consolatoagadir@gmail.com<\/a><\/p>\n<p>Vice Consulat Honoraire MARRAKECH<br \/>\nVice Consul honoraire: M. Karim BENFALLAH<br \/>\nAdresse: 2, Rue Ibn Aicha, 4\u00e8me \u00e9tage &#8211; int. n.16, Immeuble \u201cbella\u201d Gueliz MARRAKECH<br \/>\nTel. 00 212 (0) 524 420276<br \/>\nFax. 00 212 (0) 524 430650<br \/>\nE-Mail:\u00a0<a href=\"mailto:consolato.onorario.marrakech21@gmail.com\">consolato.onorario.marrakech21@gmail.com<\/a><\/p>\n<p>Vice Consulat Honoraire FES<br \/>\nVice Consul honoraire: Arch. Abdelkrim MELIANI<br \/>\nAdresse: 70, Avenue Hassan II \u2013 2\u00e8me \u00e9tage &#8211; 30000 Fez<br \/>\nTel. 00212 (0) 535 652557<br \/>\nFax 00212 (0) 535 652557<br \/>\nE-mail:\u00a0<a href=\"mailto:v.consolatofez@gmail.com\">v.consolatofez@gmail.com<\/a><\/p>\n<p><strong>CORRESPONDANTS CONSULAIRES<\/strong>:<\/p>\n<p>ESSAOUIRA<br \/>\nM Gabriele MELETTI<br \/>\nAdresse: Auberge de la Plage \u2013 BP. 218<\/p>\n<p>Cell.: 00212 (0) 661 247698<br \/>\nFax: 00212 (0) 524 783269<br \/>\nE-mail: <a href=\"mailto:gabriele.meletti@gmail.com\">gabriele.meletti@gmail.com<\/a><\/p>\n<p>FKIH BEN SALAH (Azilal, Beni Mellal e Khouribga)<br \/>\nM. Mohammed CHAMI<br \/>\nTel. 00212 (0) 523 43 54 44 \/ 43 58 88<br \/>\nFax: 00212 (0) 523 43 52 22<br \/>\nAdresse:R\u00e9sidence les Palmiers \u2013 Bd My Abdellah<br \/>\nE-mail : <a href=\"mailto:corrispondente.c@gmail.com\">corrispondente.c@gmail.com<\/a><\/p>\n<p>NADOR \u2013 OUJDA \u2013 AL HOCEIMA<br \/>\nIng. Tarik TANOUTI<br \/>\nCell. 00212 (0)662 17 06 30<br \/>\nTel.: 00212 (0)536 33 84 75<br \/>\nE-mail: <a href=\"mailto:tanoutitarik@hotmail.com\">tanoutitarik@hotmail.com<\/a><\/p>\n<p>TANGER<br \/>\nM. Gianfranco GINELLI<br \/>\nAdresse: Palazzo delle Istituzioni Italiane (ex Palazzo Moulay Hafid)<br \/>\nTel. 00212(0) 539 933608 o (0) 661 20 90 47<br \/>\nE-mail : <a href=\"mailto:v.consolatotangeri@hotmail.it\">v.consolatotangeri@hotmail.it<\/a><\/p>\n<\/div>\n","protected":false},"excerpt":{"rendered":"Notre r\u00e9seau au Maroc et en Mauritanie. CONSULATS Consulat G\u00e9n\u00e9ral \u00e0 CASABLANCA Adresse: 21, Av. Hassan Souktani &#8211; CASABLANCA Tel. 00212 (0)522 437 070 00212 (0)522 277 558 00212 (0)522 220 068 Fax.\u00a0 00212 (0)522 277 139 Fax bur visa: 00212 (0)522 223 880 Site web: www.conscasablanca.esteri.it E-mail: segreteria.casablanca@esteri.it E-mail: Ufficio visti: visti.casablanca@esteri.it &nbsp; MAURITANIE [&hellip;]","protected":false},"author":1,"featured_media":0,"parent":148,"menu_order":8,"comment_status":"closed","ping_status":"closed","template":"","meta":{"footnotes":""},"class_list":["post-171","page","type-page","status-publish","hentry"],"_links":{"self":[{"href":"https:\/\/ambrabat.esteri.it\/fr\/wp-json\/wp\/v2\/pages\/171","targetHints":{"allow":["GET"]}}],"collection":[{"href":"https:\/\/ambrabat.esteri.it\/fr\/wp-json\/wp\/v2\/pages"}],"about":[{"href":"https:\/\/ambrabat.esteri.it\/fr\/wp-json\/wp\/v2\/types\/page"}],"author":[{"embeddable":true,"href":"https:\/\/ambrabat.esteri.it\/fr\/wp-json\/wp\/v2\/users\/1"}],"replies":[{"embeddable":true,"href":"https:\/\/ambrabat.esteri.it\/fr\/wp-json\/wp\/v2\/comments?post=171"}],"version-history":[{"count":2,"href":"https:\/\/ambrabat.esteri.it\/fr\/wp-json\/wp\/v2\/pages\/171\/revisions"}],"predecessor-version":[{"id":1505,"href":"https:\/\/ambrabat.esteri.it\/fr\/wp-json\/wp\/v2\/pages\/171\/revisions\/1505"}],"up":[{"embeddable":true,"href":"https:\/\/ambrabat.esteri.it\/fr\/wp-json\/wp\/v2\/pages\/148"}],"wp:attachment":[{"href":"https:\/\/ambrabat.esteri.it\/fr\/wp-json\/wp\/v2\/media?parent=171"}],"curies":[{"name":"wp","href":"https:\/\/api.w.org\/{rel}","templated":true}]}}