{"id":172,"date":"2023-04-11T17:08:52","date_gmt":"2023-04-11T16:08:52","guid":{"rendered":"https:\/\/ambrabat.esteri.it\/italia-e-marocco\/"},"modified":"2023-11-29T11:16:05","modified_gmt":"2023-11-29T10:16:05","slug":"italia-e-marocco","status":"publish","type":"page","link":"https:\/\/ambrabat.esteri.it\/fr\/italia-e-marocco\/","title":{"rendered":"Italie et Maroc"},"content":{"rendered":"<h5>Les relations bilat\u00e9rales<\/h5>\n<div class=\"sr-only\"><\/div>\n<div>\n<p class=\"boxLevel03\">En consid\u00e9ration de la stabilit\u00e9 politique et de l\u2019importance strat\u00e9gique de Rabat, notamment dans ses relations avec les pays arabe et de l\u2019Afrique \u2013 il est rentr\u00e9 au sein de l\u2019Union Africaine en 2017 &#8211; mais aussi en raison de son activisme au niveau r\u00e9gional (Dialogue 5+5, Union pour la M\u00e9diterran\u00e9e, Processus de Rabat, n\u00e9gociations sur la Libye), l\u2019Italie et le Maroc ont toujours entretenu des relations excellents et marqu\u00e9es par la collaboration r\u00e9ciproque. Les nombreuses rencontres institutionnels au cours des ann\u00e9es ont fait enregistrer des visions communes sur les principaux dossiers d\u2019int\u00e9r\u00eat bilat\u00e9rale et multilat\u00e9rale.<\/p>\n<p>Le Maroc est en outre un pays strat\u00e9gique pour l\u2019Italie en raison de sa croissance \u00e9conomique et pour les nombreuses opportunit\u00e9s d\u2019investissement pour les entreprises italiennes. Partie de nombre d\u2019accords commerciaux, il est progressivement devenu une porte d\u2019entr\u00e9e sur l\u2019Afrique. Concernant le commerce bilat\u00e9ral, les \u00e9changes entre l\u2019Italie et le Maroc ont progress\u00e9s de 8,1% en 2016 et le trend et \u00e0 la hausse aussi en 2017, avec un taux de croissance de 15,1% au cours du premier trimestre.<\/p>\n<\/div>\n","protected":false},"excerpt":{"rendered":"Les relations bilat\u00e9rales En consid\u00e9ration de la stabilit\u00e9 politique et de l\u2019importance strat\u00e9gique de Rabat, notamment dans ses relations avec les pays arabe et de l\u2019Afrique \u2013 il est rentr\u00e9 au sein de l\u2019Union Africaine en 2017 &#8211; mais aussi en raison de son activisme au niveau r\u00e9gional (Dialogue 5+5, Union pour la M\u00e9diterran\u00e9e, Processus [&hellip;]","protected":false},"author":1,"featured_media":0,"parent":0,"menu_order":4,"comment_status":"closed","ping_status":"closed","template":"","meta":{"footnotes":""},"class_list":["post-172","page","type-page","status-publish","hentry"],"_links":{"self":[{"href":"https:\/\/ambrabat.esteri.it\/fr\/wp-json\/wp\/v2\/pages\/172","targetHints":{"allow":["GET"]}}],"collection":[{"href":"https:\/\/ambrabat.esteri.it\/fr\/wp-json\/wp\/v2\/pages"}],"about":[{"href":"https:\/\/ambrabat.esteri.it\/fr\/wp-json\/wp\/v2\/types\/page"}],"author":[{"embeddable":true,"href":"https:\/\/ambrabat.esteri.it\/fr\/wp-json\/wp\/v2\/users\/1"}],"replies":[{"embeddable":true,"href":"https:\/\/ambrabat.esteri.it\/fr\/wp-json\/wp\/v2\/comments?post=172"}],"version-history":[{"count":3,"href":"https:\/\/ambrabat.esteri.it\/fr\/wp-json\/wp\/v2\/pages\/172\/revisions"}],"predecessor-version":[{"id":1507,"href":"https:\/\/ambrabat.esteri.it\/fr\/wp-json\/wp\/v2\/pages\/172\/revisions\/1507"}],"wp:attachment":[{"href":"https:\/\/ambrabat.esteri.it\/fr\/wp-json\/wp\/v2\/media?parent=172"}],"curies":[{"name":"wp","href":"https:\/\/api.w.org\/{rel}","templated":true}]}}