{"id":128,"date":"2023-09-25T15:27:20","date_gmt":"2023-09-25T13:27:20","guid":{"rendered":"https:\/\/ambasciatatirana.esteri.it\/?page_id=128"},"modified":"2025-05-28T17:26:05","modified_gmt":"2025-05-28T16:26:05","slug":"consulenti-e-collaboratori","status":"publish","type":"page","link":"https:\/\/ambrabat.esteri.it\/it\/amministrazione-trasparente\/consulenti-e-collaboratori\/","title":{"rendered":"Consulenti e collaboratori"},"content":{"rendered":"<div><strong><strong>ANNO 2025 <\/strong><\/strong>ultimo aggiornamento 28\/05\/2025<\/div>\n<div><\/div>\n<div>Non risultano dati da pubblicare poich\u00e9 non sono stati conferiti incarichi di consulenza o collaborazione<\/div>\n<div><\/div>\n<div><strong><strong>ANNO 2024<\/strong><\/strong><\/div>\n<div><\/div>\n<div>Non risultano dati da pubblicare poich\u00e9 non sono stati conferiti incarichi di collaborazione o consulenza.<\/div>\n<div><\/div>\n<div><strong>ANNO 2023<\/strong><\/div>\n<div><\/div>\n<div>Non risultano dati da pubblicare poich\u00e9 nel corso dell\u2019anno 2023 non sono stati conferiti incarichi di collaborazione o consulenza.<\/div>\n<div><\/div>\n<div><strong>ANNO 2022\u00a0<\/strong><\/div>\n<div><\/div>\n<div>Non risultano dati da pubblicare poich\u00e9 nel corso dell\u2019anno 2022 non sono stati conferiti incarichi di collaborazione o consulenza.<\/div>\n<div><\/div>\n<div><strong>ANNO 2021<\/strong><\/div>\n<div><\/div>\n<div>Non risultano dati da pubblicare poich\u00e9 nel corso dell\u2019anno 2021 non sono stati conferiti incarichi di collaborazione o consulenza.<\/div>\n<div><\/div>\n<div><strong>ANNO 2020<\/strong><\/div>\n<div><\/div>\n<div>Non risultano dati da pubblicare poich\u00e9 nel corso dell\u2019anno 2020 non sono stati conferiti incarichi di collaborazione o consulenza.<\/div>\n<div><\/div>\n<div><strong>ANNO 2019<\/strong><\/div>\n<div><\/div>\n<div>Non risultano dati da pubblicare poich\u00e9 nel corso dell\u2019anno 2019 non sono stati conferiti incarichi di collaborazione o consulenza.<\/div>\n<div><\/div>\n","protected":false},"excerpt":{"rendered":"ANNO 2025 ultimo aggiornamento 28\/05\/2025 Non risultano dati da pubblicare poich\u00e9 non sono stati conferiti incarichi di consulenza o collaborazione ANNO 2024 Non risultano dati da pubblicare poich\u00e9 non sono stati conferiti incarichi di collaborazione o consulenza. ANNO 2023 Non risultano dati da pubblicare poich\u00e9 nel corso dell\u2019anno 2023 non sono stati conferiti incarichi di [&hellip;]","protected":false},"author":1,"featured_media":0,"parent":35,"menu_order":0,"comment_status":"closed","ping_status":"closed","template":"","meta":{"footnotes":""},"class_list":["post-128","page","type-page","status-publish","hentry"],"_links":{"self":[{"href":"https:\/\/ambrabat.esteri.it\/it\/wp-json\/wp\/v2\/pages\/128","targetHints":{"allow":["GET"]}}],"collection":[{"href":"https:\/\/ambrabat.esteri.it\/it\/wp-json\/wp\/v2\/pages"}],"about":[{"href":"https:\/\/ambrabat.esteri.it\/it\/wp-json\/wp\/v2\/types\/page"}],"author":[{"embeddable":true,"href":"https:\/\/ambrabat.esteri.it\/it\/wp-json\/wp\/v2\/users\/1"}],"replies":[{"embeddable":true,"href":"https:\/\/ambrabat.esteri.it\/it\/wp-json\/wp\/v2\/comments?post=128"}],"version-history":[{"count":6,"href":"https:\/\/ambrabat.esteri.it\/it\/wp-json\/wp\/v2\/pages\/128\/revisions"}],"predecessor-version":[{"id":2442,"href":"https:\/\/ambrabat.esteri.it\/it\/wp-json\/wp\/v2\/pages\/128\/revisions\/2442"}],"up":[{"embeddable":true,"href":"https:\/\/ambrabat.esteri.it\/it\/wp-json\/wp\/v2\/pages\/35"}],"wp:attachment":[{"href":"https:\/\/ambrabat.esteri.it\/it\/wp-json\/wp\/v2\/media?parent=128"}],"curies":[{"name":"wp","href":"https:\/\/api.w.org\/{rel}","templated":true}]}}