{"id":134,"date":"2023-09-25T15:28:57","date_gmt":"2023-09-25T13:28:57","guid":{"rendered":"https:\/\/ambasciatatirana.esteri.it\/?page_id=134"},"modified":"2026-03-16T18:36:52","modified_gmt":"2026-03-16T17:36:52","slug":"bandi-di-gara-e-contratti","status":"publish","type":"page","link":"https:\/\/ambrabat.esteri.it\/it\/amministrazione-trasparente\/bandi-di-gara-e-contratti\/","title":{"rendered":"Bandi di gara e contratti"},"content":{"rendered":"<p>INDAGINE ESPLORATIVA FINALIZZATA ALL&#8217;ACQUISIZIONE DI MANIFESTAZIONI DI INTERESSE PER L&#8217;AFFIDAMENTO DEL SERVIZIO DI SUPPORTO AL RUP (S-RUP) EX ART 4, COMMA 3 DM 192\/1997<\/p>\n<ul>\n<li><a href=\"https:\/\/ambrabat.esteri.it\/wp-content\/uploads\/2025\/07\/Avviso-n.-3232-I-del-02.07.2025.pdf\">Avviso pubblico supporto al RUP<\/a><\/li>\n<\/ul>\n<p><strong>BANDI GARA ANNO 2026\u00a0<\/strong><\/p>\n<ul>\n<li><a href=\"https:\/\/ambrabat.esteri.it\/wp-content\/uploads\/2026\/03\/Avviso-Manifestazione-di-interesse.pdf\">Avviso pubblico per l\u2019acquisizione di manifestazioni di interesse per l\u2019affidamento dei lavori di risanamento impiantistico e opere edili interne della Residenza dell\u2019Ambasciatore d\u2019Italia nel Regno del Marocco<\/a>\n<ul>\n<li><a href=\"https:\/\/ambrabat.esteri.it\/wp-content\/uploads\/2026\/03\/Annexe-A-Formulaire-de-candidature.pdf\">Annexe A Formulaire de candidature<\/a><\/li>\n<\/ul>\n<\/li>\n<li><a href=\"https:\/\/ambrabat.esteri.it\/wp-content\/uploads\/2026\/02\/2026-MANIFESTAZIONE-DI-INTERESSE-PER-LOCAZIONEfirmato.pdf\">Avviso manifestazione di interesse per locazione<\/a><\/li>\n<li><a href=\"https:\/\/ambrabat.esteri.it\/wp-content\/uploads\/2026\/02\/2026-APPEL-DOFFRE-LOCATION-INSTITUT-CULTUREL-ITALIEN-DE-RABATfirmato.pdf\">Avis d&#8217;appel \u00e0 manifestation d&#8217;int\u00e9r\u00eat pour location\u00a0<\/a><\/li>\n<\/ul>\n<p><strong>BANDI GARA ANNO 2025<\/strong><\/p>\n<ul>\n<li><a href=\"https:\/\/ambrabat.esteri.it\/it\/news\/dall_ambasciata\/2025\/04\/bandi-gara-anno-2025\/\">Avviso manifestazione di interesse e modulo richiesta <\/a><\/li>\n<\/ul>\n<p><strong>BANDI GARA ANNO 2024\u00a0<\/strong><\/p>\n<p>L\u2019Ambasciata d\u2019Italia a Rabat invita tutti i soggetti interessati a manifestare il proprio interesse a sostenere mediante sponsorizzazioni l\u2019organizzazione di eventi e attivit\u00e0 di promozione legati alla propria missione.<\/p>\n<ul>\n<li><a href=\"https:\/\/ambrabat.esteri.it\/wp-content\/uploads\/2024\/04\/Avviso-di-sponsorizzazione-2024-ITA-FRfirmato.pdf\">Avviso manifestazione d&#8217;interesse<\/a><\/li>\n<li><a href=\"https:\/\/ambrabat.esteri.it\/wp-content\/uploads\/2024\/04\/Modulo-ITA.docx\">Modulo di richiesta in italiano<\/a><\/li>\n<li><a href=\"https:\/\/ambrabat.esteri.it\/wp-content\/uploads\/2024\/04\/Formulaire-FR.docx\">Modulo di richiesta in francese<\/a><\/li>\n<\/ul>\n<p><strong>ANNO 2023<\/strong><\/p>\n<p><a href=\"https:\/\/ambrabat.esteri.it\/wp-content\/uploads\/2023\/11\/manifestazione_dinteresse_iic_francese_e_italianofirmato.pdf\">Avviso finalizzato all\u2019acquisizione di manifestazione di interesse per la locazione di un immobile ad uso ufficio per fini istituzionali da adibire a nuova sede dell\u2019Istituto Italiano di Cultura a Rabat<\/a><\/p>\n<p><a href=\"https:\/\/ambrabat.esteri.it\/wp-content\/uploads\/2023\/11\/manifestation_dinteret.pdf\">Avis de Manifestation d\u2019int\u00e9r\u00eat \u00e0 partitiper \u00e0 la proc\u00e9dure negoci\u00e9e pour l\u2019attribution de la concession du service de fourniture de boissons froids, chaudes, snacks par l\u2019installation et la gestion d\u2019un n.1 distributeur automatique pour une p\u00e9riode de 36 mois<\/a><\/p>\n<p><a href=\"https:\/\/ambrabat.esteri.it\/wp-content\/uploads\/2023\/11\/manifestazione_di_interesse_settimana_cucinafirmato.pdf\">Avviso pubblico per la ricerca e la selezione di sponsor per attivit\u00e0 legate alla VIII settimana della cucina italiana nel mondo promossa dall&#8217;Ambasciata d&#8217;Italia a Rabat<\/a><\/p>\n<p><strong>ANNO 2022<\/strong><\/p>\n<p>Questa Sede non ha adottato bandi di gara.<\/p>\n<p><strong>ANNO 2021<\/strong><\/p>\n<p><strong><a href=\"https:\/\/ambrabat.esteri.it\/it\/amministrazione-trasparente\/bandi-di-gara-e-contratti\/gara-per-lesternalizzazione-di-servizi-relativi-allo-svolgimento-di-attivita-connesse-al-rilascio-dei-visti-di-ingresso-in-italia\/\">Gara per l&#8217;esternalizzazione di servizi relativi allo svolgimento di attivit\u00e0 connesse al rilascio dei visti di ingresso in Italia &#8211; Pubblicazione documenti di gara<\/a><\/strong><\/p>\n<p><strong>CONTRATTI<\/strong> <strong>ANNO 2024 ultimo aggiornamento 14\/05\/2024<\/strong><\/p>\n<p>I documenti relativi a contratti pubblici di lavori, servizi e forniture eseguiti a partire dall\u2019anno 2019 sono disponibili alla seguente pagina: <a href=\"https:\/\/www.esteri.it\/it\/trasparenza_comunicazioni_legali\/bandi-gara-contratti\/informazioni-sulle-singole-procedure\/\">Informazioni sulle singole procedure in formato tabellare<\/a><\/p>\n<p><strong>ANNO 2023<\/strong><\/p>\n<p>I documenti relativi a contratti pubblici di lavori, servizi e forniture eseguiti a partire dall\u2019anno 2019 sono disponibili alla seguente pagina: <a href=\"https:\/\/www.esteri.it\/mae\/it\/trasparenza_comunicazioni_legali\/bandi-gara-contratti\/informazioni-sulle-singole-procedure.html\">Informazioni sulle singole procedure in formato tabellar<\/a>e<\/p>\n<p><strong>ANNO 2022\u00a0<\/strong><\/p>\n<p>I documenti relativi a contratti pubblici di lavori, servizi e forniture eseguiti a partire dall\u2019anno 2019 sono disponibili alla seguente pagina: <a href=\"https:\/\/www.esteri.it\/mae\/it\/trasparenza_comunicazioni_legali\/bandi-gara-contratti\/informazioni-sulle-singole-procedure.html\">Informazioni sulle singole procedure in formato tabellare<\/a><\/p>\n<p><strong>ANNO 2021<\/strong><\/p>\n<p>I documenti relativi a contratti pubblici di lavori, servizi e forniture eseguiti a partire dall\u2019anno 2019 sono disponibili alla seguente pagina: <a href=\"https:\/\/www.esteri.it\/mae\/it\/trasparenza_comunicazioni_legali\/bandi-gara-contratti\/informazioni-sulle-singole-procedure.html\">Informazioni sulle singole procedure in formato tabellare<\/a><\/p>\n<p><strong>ANNI SUCCESSIVI AL 2019-2020<\/strong><\/p>\n<p>I documenti relativi a contratti pubblici di lavori, servizi e forniture eseguiti a partire dall\u2019anno 2019 sono disponibili alla seguente pagina: <a href=\"https:\/\/www.esteri.it\/mae\/it\/trasparenza_comunicazioni_legali\/bandi-gara-contratti\/informazioni-sulle-singole-procedure.html\">Informazioni sulle singole procedure in formato tabellare<\/a><\/p>\n<p><strong>ANNO 2018<\/strong><\/p>\n<p>I documenti relativi a contratti pubblici di lavori, servizi e forniture eseguiti nell\u2019anno 2018 sono disponibili alla seguente pagina: <a href=\"https:\/\/ambrabat.esteri.it\/ambasciata_rabat\/resource\/doc\/2021\/02\/trasparenza_rabat_2018.pdf\">contratti 2018<\/a> \u00a0 <strong>AVVISO DI MANIFESTAZIONE DI INTERESSE<\/strong> Affidamento di lavori per la messa a norma dell&#8217;impianto elettrico dell&#8217;Ambasciata d&#8217;Italia a Rabat. Scadenza presentazione domande: <strong>28 agosto 2019, ore 12.00<\/strong>. Per maggiori informazioni, scarica l&#8217;<a href=\"https:\/\/ambrabat.esteri.it\/ambasciata_rabat\/resource\/doc\/2019\/08\/avviso_esplorativo_italianofirmato.pdf\"><strong>avviso esplorativo<\/strong><\/a>. <a href=\"https:\/\/ambrabat.esteri.it\/ambasciata_rabat\/resource\/doc\/2019\/08\/annexe_a__model.pdf\">All.1 &#8211; modulo di partecipazione<\/a> <a href=\"https:\/\/ambrabat.esteri.it\/ambasciata_rabat\/resource\/doc\/2021\/02\/verbale_di_gara_prima_seduta.pdf\">Verbale di gara, prima seduta<\/a> <a href=\"https:\/\/ambrabat.esteri.it\/wp-content\/uploads\/2023\/11\/verbale_di_gara_seconda_seduta.pdf\">Verbale di gara, seconda seduta<\/a> <a href=\"https:\/\/ambrabat.esteri.it\/wp-content\/uploads\/2023\/11\/verbale_di_aggiudicazione_0.pdf\">Verbale di aggiudicazione<\/a> <a href=\"https:\/\/ambrabat.esteri.it\/wp-content\/uploads\/2023\/11\/decreto_di_aggiudicazione.pdf\">Decreto di aggiudicazione<\/a> \u00a0 <strong>BANDO DI GARA<\/strong> Esternalizzazione di servizi relativi allo svolgimento di attivit\u00e0 connesse al rilascio dei visti di ingresso in Italia. Scadenza presentazione domande: 12 aprile 2017 ore 15.00. <strong>La seduta pubblica per la comunicazione dei risultati della valutazione delle offerte tecniche e per l&#8217;apertura delle buste dell&#8217;offerta economica avr\u00e0 luogo presso l&#8217;Ambasciata d&#8217;Italia a Rabat il 24 aprile 2017 alle ore 11.30.<\/strong> <a href=\"https:\/\/ambrabat.esteri.it\/ambasciata_rabat\/resource\/doc\/2017\/04\/graduatoria_finale.pdf\"><strong>GRADUATORIA FINALE<\/strong><\/a> <a href=\"https:\/\/ambrabat.esteri.it\/wp-content\/uploads\/2023\/11\/2_bando_di_gara.docx\">Bando di gara<\/a> <a href=\"https:\/\/ambrabat.esteri.it\/wp-content\/uploads\/2023\/11\/3_norme_di_partecipazione.docx\">Norme di partecipazione<\/a> <a href=\"https:\/\/ambrabat.esteri.it\/wp-content\/uploads\/2023\/11\/4_capitolato_di_gara.docx\">Capitolato di gara<\/a> <a href=\"https:\/\/ambrabat.esteri.it\/wp-content\/uploads\/2023\/11\/5_domanda_di_ammissione.docx\">Domanda di ammissione<\/a> <a href=\"https:\/\/ambrabat.esteri.it\/wp-content\/uploads\/2023\/11\/6_fac_simile_contratto.docx\">Facsimile contratto<\/a> A seguito di alcune domande sui documenti di gara pervenute a questa Ambasciata, secondo quanto previsto dal punto V.4 del bando si forniscono di seguito i relativi chiarimenti. <strong>ATTENZIONE: SONO STATI APPORTATI ALCUNI CORRETTIVI RIGUARDO AL CONTENUTO DELLE BUSTE<\/strong> <a href=\"https:\/\/ambrabat.esteri.it\/wp-content\/uploads\/2023\/11\/quesiti_e_risposte_4_apr.docx\">Quesiti e risposte_VER 4 aprile 2017<\/a> <a href=\"https:\/\/ambrabat.esteri.it\/wp-content\/uploads\/2023\/11\/check_list_contenuto_buste_di_gara_ver_31_marzo.docx\">Check List<\/a><\/p>\n","protected":false},"excerpt":{"rendered":"INDAGINE ESPLORATIVA FINALIZZATA ALL&#8217;ACQUISIZIONE DI MANIFESTAZIONI DI INTERESSE PER L&#8217;AFFIDAMENTO DEL SERVIZIO DI SUPPORTO AL RUP (S-RUP) EX ART 4, COMMA 3 DM 192\/1997 Avviso pubblico supporto al RUP BANDI GARA ANNO 2026\u00a0 Avviso pubblico per l\u2019acquisizione di manifestazioni di interesse per l\u2019affidamento dei lavori di risanamento impiantistico e opere edili interne della Residenza dell\u2019Ambasciatore [&hellip;]","protected":false},"author":1,"featured_media":0,"parent":35,"menu_order":6,"comment_status":"closed","ping_status":"closed","template":"","meta":{"footnotes":""},"class_list":["post-134","page","type-page","status-publish","hentry"],"_links":{"self":[{"href":"https:\/\/ambrabat.esteri.it\/it\/wp-json\/wp\/v2\/pages\/134","targetHints":{"allow":["GET"]}}],"collection":[{"href":"https:\/\/ambrabat.esteri.it\/it\/wp-json\/wp\/v2\/pages"}],"about":[{"href":"https:\/\/ambrabat.esteri.it\/it\/wp-json\/wp\/v2\/types\/page"}],"author":[{"embeddable":true,"href":"https:\/\/ambrabat.esteri.it\/it\/wp-json\/wp\/v2\/users\/1"}],"replies":[{"embeddable":true,"href":"https:\/\/ambrabat.esteri.it\/it\/wp-json\/wp\/v2\/comments?post=134"}],"version-history":[{"count":10,"href":"https:\/\/ambrabat.esteri.it\/it\/wp-json\/wp\/v2\/pages\/134\/revisions"}],"predecessor-version":[{"id":3319,"href":"https:\/\/ambrabat.esteri.it\/it\/wp-json\/wp\/v2\/pages\/134\/revisions\/3319"}],"up":[{"embeddable":true,"href":"https:\/\/ambrabat.esteri.it\/it\/wp-json\/wp\/v2\/pages\/35"}],"wp:attachment":[{"href":"https:\/\/ambrabat.esteri.it\/it\/wp-json\/wp\/v2\/media?parent=134"}],"curies":[{"name":"wp","href":"https:\/\/api.w.org\/{rel}","templated":true}]}}