{"id":41,"date":"2023-04-11T18:07:19","date_gmt":"2023-04-11T16:07:19","guid":{"rendered":"https:\/\/ambasciatapraga.esteri.it\/?page_id=41"},"modified":"2025-10-16T11:59:21","modified_gmt":"2025-10-16T10:59:21","slug":"numeri-di-emergenza","status":"publish","type":"page","link":"https:\/\/ambrabat.esteri.it\/it\/chi-siamo\/numeri-di-emergenza\/","title":{"rendered":"Numeri di emergenza"},"content":{"rendered":"<div>\n<p><strong>Linea di reperibilit\u00e0 consolare \u2013 SOLO per comprovate emergenze<\/strong><\/p>\n<p>La linea di reperibilit\u00e0 \u00e8 attiva <strong>dopo le ore 18.00 nei giorni feriali, e 24 ore su 24 nei giorni festivi<\/strong> ed \u00e8 destinata esclusivamente a situazioni di comprovata emergenza che riguardino cittadini italiani.<\/p>\n<p>Nelle <strong>aree di Rabat, Sal\u00e9, Skhirat, T\u00e9mara, Kh\u00e9misset, Tiflet e Rommani<\/strong> chiamare il cellulare di reperibilit\u00e0: <strong>+212 (0)661 221 324<\/strong><\/p>\n<p>Per emergenze che richiedano l&#8217;intervento urgente delle autorit\u00e0 consolari sul resto del territorio marocchino, chiamare il cellulare di reperibilit\u00e0 del Consolato Generale d&#8217;Italia a Casablanca: +212 (0)661 217 332<\/p>\n<p><strong>Cosa e&#8217; un\u2019emergenza<\/strong>:<\/p>\n<ul>\n<li>incidenti gravi o situazioni che mettono a rischio la vita o la sicurezza personale;<\/li>\n<li>arresti o detenzioni;<\/li>\n<li>decessi;<\/li>\n<li>smarrimento o furto di documenti solo se collegati a una situazione di emergenza immediata (ad esempio necessit\u00e0 urgente di rientro in Italia).<\/li>\n<\/ul>\n<p><strong>Cosa NON \u00e8 un\u2019emergenza:<\/strong><\/p>\n<ul>\n<li>richieste di appuntamento per passaporti o carte d\u2019identit\u00e0;<\/li>\n<li>domande su AIRE, stato civile o altri servizi consolari;<\/li>\n<li>informazioni sui visti;<\/li>\n<li>richieste di chiarimenti su documenti o pratiche ordinarie.<\/li>\n<\/ul>\n<p>Per tutte queste richieste non di emergenza si prega di consultare il sito internet dell&#8217;Ambasciata d&#8217;Italia a Rabat, il portale Prenot@mi o i centri VFS.<\/p>\n<p>&nbsp;<\/p>\n<\/div>\n","protected":false},"excerpt":{"rendered":"Linea di reperibilit\u00e0 consolare \u2013 SOLO per comprovate emergenze La linea di reperibilit\u00e0 \u00e8 attiva dopo le ore 18.00 nei giorni feriali, e 24 ore su 24 nei giorni festivi ed \u00e8 destinata esclusivamente a situazioni di comprovata emergenza che riguardino cittadini italiani. Nelle aree di Rabat, Sal\u00e9, Skhirat, T\u00e9mara, Kh\u00e9misset, Tiflet e Rommani chiamare [&hellip;]","protected":false},"author":1,"featured_media":0,"parent":13,"menu_order":6,"comment_status":"closed","ping_status":"closed","template":"","meta":{"footnotes":""},"class_list":["post-41","page","type-page","status-publish","hentry"],"_links":{"self":[{"href":"https:\/\/ambrabat.esteri.it\/it\/wp-json\/wp\/v2\/pages\/41","targetHints":{"allow":["GET"]}}],"collection":[{"href":"https:\/\/ambrabat.esteri.it\/it\/wp-json\/wp\/v2\/pages"}],"about":[{"href":"https:\/\/ambrabat.esteri.it\/it\/wp-json\/wp\/v2\/types\/page"}],"author":[{"embeddable":true,"href":"https:\/\/ambrabat.esteri.it\/it\/wp-json\/wp\/v2\/users\/1"}],"replies":[{"embeddable":true,"href":"https:\/\/ambrabat.esteri.it\/it\/wp-json\/wp\/v2\/comments?post=41"}],"version-history":[{"count":6,"href":"https:\/\/ambrabat.esteri.it\/it\/wp-json\/wp\/v2\/pages\/41\/revisions"}],"predecessor-version":[{"id":2800,"href":"https:\/\/ambrabat.esteri.it\/it\/wp-json\/wp\/v2\/pages\/41\/revisions\/2800"}],"up":[{"embeddable":true,"href":"https:\/\/ambrabat.esteri.it\/it\/wp-json\/wp\/v2\/pages\/13"}],"wp:attachment":[{"href":"https:\/\/ambrabat.esteri.it\/it\/wp-json\/wp\/v2\/media?parent=41"}],"curies":[{"name":"wp","href":"https:\/\/api.w.org\/{rel}","templated":true}]}}