{"id":69,"date":"2023-04-11T18:18:20","date_gmt":"2023-04-11T16:18:20","guid":{"rendered":"https:\/\/ambasciatapraga.esteri.it\/?page_id=69"},"modified":"2024-01-19T11:40:56","modified_gmt":"2024-01-19T10:40:56","slug":"assistenza-ai-cittadini-allestero","status":"publish","type":"page","link":"https:\/\/ambrabat.esteri.it\/it\/servizi-consolari-e-visti\/servizi-per-il-cittadino-italiano\/assistenza-ai-cittadini-allestero\/","title":{"rendered":"Assistenza ai cittadini all&#8217;estero"},"content":{"rendered":"<p class=\"boxLevel03\"><strong>URGENZE CONSOLARI<\/strong><\/p>\n<p class=\"boxLevel03\">Nei giorni e negli orari di chiusura degli Uffici \u00e8 in funzione un servizio di reperibilit\u00e0 per i soli casi di reale emergenza\u00a0<strong>e non per richieste di informazioni sulle attivit\u00e0 ordinarie dell\u2019Ambasciata, come ad esempio la prenotazione degli appuntamenti o le procedure di concessione dei visti.<\/strong><\/p>\n<p>Per emergenze, si intendono incidenti gravi, decessi o qualsiasi questione comportante rischi o situazioni di pericolo per la salute o l\u2019incolumit\u00e0 personale di cittadini italiani all\u2019estero e che richiedano l\u2019intervento urgente delle autorit\u00e0 consolari. Nelle aree di Rabat, Sal\u00e9, Skhirat, T\u00e9mara, Kh\u00e9misset, Tiflet e Rommani ed in Mauritania chiamare il cellulare di reperibilit\u00e0:<\/p>\n<p>+212 (0)661 221 324<\/p>\n<p>Per emergenze che richiedano l&#8217;intervento urgente delle autorit\u00e0 consolari sul resto del territorio marocchino, chiamare il cellulare di reperibilit\u00e0 del Consolato Generale d&#8217;Italia a Casablanca:<\/p>\n<p>+212 (0)661 217 332<\/p>\n<p><strong>Si segnala che il servizio di emergenza dell\u2019Ambasciata d\u2019Italia \u00e8 disponibile dopo le ore 18.00 nei feriali, e 24 ore su 24 nei festivi.<\/strong><\/p>\n<p>Lista degli avvocati di riferimento: <a href=\"https:\/\/ambrabat.esteri.it\/wp-content\/uploads\/2024\/01\/ambrabat_elencoavvocatiriferimento_2022.pdf\">scarica il pdf<\/a><\/p>\n<p>Medico di fiducia: <a href=\"https:\/\/ambrabat.esteri.it\/wp-content\/uploads\/2023\/11\/ambrabat_-_medico_di_fiducia.pdf\">Dr.ssa Sakina ARAFA ALAOUI<\/a><\/p>\n<p>&nbsp;<\/p>\n","protected":false},"excerpt":{"rendered":"URGENZE CONSOLARI Nei giorni e negli orari di chiusura degli Uffici \u00e8 in funzione un servizio di reperibilit\u00e0 per i soli casi di reale emergenza\u00a0e non per richieste di informazioni sulle attivit\u00e0 ordinarie dell\u2019Ambasciata, come ad esempio la prenotazione degli appuntamenti o le procedure di concessione dei visti. Per emergenze, si intendono incidenti gravi, decessi [&hellip;]","protected":false},"author":1,"featured_media":0,"parent":47,"menu_order":6,"comment_status":"closed","ping_status":"closed","template":"","meta":{"footnotes":""},"class_list":["post-69","page","type-page","status-publish","hentry"],"_links":{"self":[{"href":"https:\/\/ambrabat.esteri.it\/it\/wp-json\/wp\/v2\/pages\/69","targetHints":{"allow":["GET"]}}],"collection":[{"href":"https:\/\/ambrabat.esteri.it\/it\/wp-json\/wp\/v2\/pages"}],"about":[{"href":"https:\/\/ambrabat.esteri.it\/it\/wp-json\/wp\/v2\/types\/page"}],"author":[{"embeddable":true,"href":"https:\/\/ambrabat.esteri.it\/it\/wp-json\/wp\/v2\/users\/1"}],"replies":[{"embeddable":true,"href":"https:\/\/ambrabat.esteri.it\/it\/wp-json\/wp\/v2\/comments?post=69"}],"version-history":[{"count":6,"href":"https:\/\/ambrabat.esteri.it\/it\/wp-json\/wp\/v2\/pages\/69\/revisions"}],"predecessor-version":[{"id":1671,"href":"https:\/\/ambrabat.esteri.it\/it\/wp-json\/wp\/v2\/pages\/69\/revisions\/1671"}],"up":[{"embeddable":true,"href":"https:\/\/ambrabat.esteri.it\/it\/wp-json\/wp\/v2\/pages\/47"}],"wp:attachment":[{"href":"https:\/\/ambrabat.esteri.it\/it\/wp-json\/wp\/v2\/media?parent=69"}],"curies":[{"name":"wp","href":"https:\/\/api.w.org\/{rel}","templated":true}]}}