{"id":74,"date":"2023-04-11T18:20:09","date_gmt":"2023-04-11T16:20:09","guid":{"rendered":"https:\/\/ambasciatapraga.esteri.it\/?page_id=74"},"modified":"2024-01-19T11:46:47","modified_gmt":"2024-01-19T10:46:47","slug":"autoveicoli-e-patenti-di-guida","status":"publish","type":"page","link":"https:\/\/ambrabat.esteri.it\/it\/servizi-consolari-e-visti\/servizi-per-il-cittadino-italiano\/autoveicoli-e-patenti-di-guida\/","title":{"rendered":"Autoveicoli e Patenti di guida"},"content":{"rendered":"<p style=\"text-align: center;\"><strong>AUTOVEICOLI<\/strong><\/p>\n<p>Secondo quanto stabilito dal novellato art. 103 del Codice della Strada, dal 1 gennaio 2020 per esportare definitivamente un veicolo all&#8217;estero si dovr\u00e0 prima richiedere la radiazione del veicolo dal Pubblico Registro Automobilistico (PRA).<br \/>\nUna volta effettuata la radiazione, il veicolo cancellato potr\u00e0 circolare per raggiungere i transiti di confine per l&#8217;esportazione solo se munito del foglio di via e della targa provvisoria.<br \/>\nPertanto per richiedere la cancellazione dal PRA di veicoli esportati a partire dal 1 gennaio 2020 i cittadini italiani non potranno pi\u00f9 rivolgersi agli Uffici consolari presenti nel Paese in cui esportano definitivamente il veicolo.<br \/>\nLe richieste di radiazione di veicoli esportati entro il 31 dicembre 2019 e reimmatricolati nel 2020 continuano invece ad essere accettate dagli Uffici consolari secondo la normativa vigente fino al 31 marzo 2021 a condizione che i veicoli siano stati reimmatricolati con targa estera al momento della richiesta di radiazione. A tal fine il richiedente dovr\u00e0 allegare a dimostrazione dei suddetti requisiti la copia della carta di circolazione estera e qualsiasi documentazione che, direttamente o indirettamente, dia prova dell\u2019avvenuta esportazione all\u2019estero del veicolo entro il 31\/12\/2019.<br \/>\n<a href=\"http:\/\/www.aci.it\/i-servizi\/guide-utili\/guida-pratiche-auto\/esportazione.html\">Per ulteriori informazioni<\/a><\/p>\n<p>&nbsp;<\/p>\n<p style=\"text-align: center;\"><strong>PATENTI DI GUIDA<\/strong><\/p>\n<p><strong>PROROGA DEI TERMINI DELLA VALIDIT\u00c0<\/strong><br \/>\nLa patente di guida italiana \u00e8 innanzitutto un documento di abilitazione alla guida; la patente ha anche valore di documento di riconoscimento, prevalentemente sul territorio nazionale italiano.<br \/>\nSi segnala che la Circolare della Direzione Generale per la Motorizzazione del Ministero delle Infrastrutture e Trasporti n. 7203 del 01\/03\/2021 ha apportato le modifiche sotto elencate.<\/p>\n<p>Come documento di abilitazione alla guida:<\/p>\n<p>su tutto il territorio dell\u2019Unione Europea:<\/p>\n<ul>\n<li>la validit\u00e0 delle patenti di guida, con scadenza originaria compresa nel periodo dal 1\u00ba febbraio 2020 al 31 maggio 2020 la scadenza \u00e8 prorogata di 13 mesi a decorrere dalla data di scadenza originaria;<\/li>\n<li>per le patenti con scadenza originaria tra il 1 giugno 2020 ed il 31 agosto 2020 la scadenza \u00e8 prorogata al 1 luglio 2021;<\/li>\n<li>per le patenti con scadenza originaria tra il 1 settembre 2020 e il 30 giugno 2021 la scadenza \u00e8 prorogata di 10 mesi a decorrere dalla data di scadenza originaria.<\/li>\n<\/ul>\n<p>sul solo territorio nazionale italiano, la validit\u00e0 delle patenti rilasciate in Italia quali titoli abilitativi alla guida, \u00e8 cos\u00ec prorogata:<\/p>\n<ul>\n<li>per le patenti con scadenza originaria tra il 31 gennaio 2020 e il 29 settembre 2020 la scadenza \u00e8 prorogata al 29 luglio 2021;<\/li>\n<li>per le patenti con scadenza originaria tra il 30 settembre 2020 e il 30 giugno 2021, la scadenza \u00e8 prorogata di 10 mesi a decorrere dalla data della scadenza originaria.<\/li>\n<\/ul>\n<p>Per le finalit\u00e0 proprie dei documenti di riconoscimento, la validit\u00e0 delle patenti di guida rilasciate in Italia, con scadenza compresa tra il 31 gennaio 2020 ed il 29 aprile 2021, \u00e8 prorogata fino al 30 aprile 2021. La validit\u00e0 ai fini dell\u2019espatrio resta limitata alla data di scadenza indicata nel documento.<\/p>\n<p><strong>MEDICO DI FIDUCIA\u00a0<\/strong><\/p>\n<p>La <a href=\"https:\/\/ambrabat.esteri.it\/wp-content\/uploads\/2023\/11\/ambrabat_-_medico_di_fiducia.pdf\">Dr.ssa Sakina ARAFA ALAOUI<\/a> effettua le visite per ottenere il certificato necessario al rilascio della patente.<\/p>\n<p>&nbsp;<\/p>\n","protected":false},"excerpt":{"rendered":"AUTOVEICOLI Secondo quanto stabilito dal novellato art. 103 del Codice della Strada, dal 1 gennaio 2020 per esportare definitivamente un veicolo all&#8217;estero si dovr\u00e0 prima richiedere la radiazione del veicolo dal Pubblico Registro Automobilistico (PRA). Una volta effettuata la radiazione, il veicolo cancellato potr\u00e0 circolare per raggiungere i transiti di confine per l&#8217;esportazione solo se [&hellip;]","protected":false},"author":1,"featured_media":0,"parent":47,"menu_order":16,"comment_status":"closed","ping_status":"closed","template":"","meta":{"footnotes":""},"class_list":["post-74","page","type-page","status-publish","hentry"],"_links":{"self":[{"href":"https:\/\/ambrabat.esteri.it\/it\/wp-json\/wp\/v2\/pages\/74","targetHints":{"allow":["GET"]}}],"collection":[{"href":"https:\/\/ambrabat.esteri.it\/it\/wp-json\/wp\/v2\/pages"}],"about":[{"href":"https:\/\/ambrabat.esteri.it\/it\/wp-json\/wp\/v2\/types\/page"}],"author":[{"embeddable":true,"href":"https:\/\/ambrabat.esteri.it\/it\/wp-json\/wp\/v2\/users\/1"}],"replies":[{"embeddable":true,"href":"https:\/\/ambrabat.esteri.it\/it\/wp-json\/wp\/v2\/comments?post=74"}],"version-history":[{"count":3,"href":"https:\/\/ambrabat.esteri.it\/it\/wp-json\/wp\/v2\/pages\/74\/revisions"}],"predecessor-version":[{"id":1675,"href":"https:\/\/ambrabat.esteri.it\/it\/wp-json\/wp\/v2\/pages\/74\/revisions\/1675"}],"up":[{"embeddable":true,"href":"https:\/\/ambrabat.esteri.it\/it\/wp-json\/wp\/v2\/pages\/47"}],"wp:attachment":[{"href":"https:\/\/ambrabat.esteri.it\/it\/wp-json\/wp\/v2\/media?parent=74"}],"curies":[{"name":"wp","href":"https:\/\/api.w.org\/{rel}","templated":true}]}}