{"id":91,"date":"2023-04-11T18:22:39","date_gmt":"2023-04-11T16:22:39","guid":{"rendered":"https:\/\/ambasciatapraga.esteri.it\/?page_id=91"},"modified":"2026-03-12T17:21:27","modified_gmt":"2026-03-12T16:21:27","slug":"traduzione-e-legalizzazione-dei-documenti","status":"publish","type":"page","link":"https:\/\/ambrabat.esteri.it\/it\/servizi-consolari-e-visti\/servizi-per-il-cittadino-straniero\/traduzione-e-legalizzazione-dei-documenti\/","title":{"rendered":"Traduzione e legalizzazione dei documenti"},"content":{"rendered":"<p><span style=\"color: #000000; font-size: medium;\">Il Regno del Marocco ha aderito alla Convezione dell\u2019Aia del 5 Ottobre 1961 sull\u2019abolizione della necessit\u00e0 della legalizzazione dei documenti con decorrenza 14 Agosto 2016. Pertanto, a partire da tale data,<\/span>\u00a0<b><span style=\"color: #000000; font-size: medium;\">le Rappresentanze Consolari italiane nel Regno del Marocco non sono piu\u2019 autorizzate a legalizzare gli atti pubblici marocchini destinati a essere prodotti in Italia<\/span><\/b><span style=\"font-size: medium;\"><span style=\"color: #000000;\">. Tali documenti, comprese le traduzioni effettuate dai traduttori giurati, dovranno essere muniti dell\u2019Apostilla prevista dalla summenzionata Convenzione e rilasciata dalle autorit\u00e0 marocchine designate dal Regno del Marocco.<br \/>\n<\/span><\/span><span style=\"color: #000000; font-size: medium;\"><br \/>\nSi suggerisce di consultare il sito web\u00a0<\/span><a href=\"http:\/\/www.apostille.ma\/\"><span style=\"color: #0000ff; font-size: medium;\">www.apostille.ma<\/span><\/a><span style=\"font-size: medium;\"><span style=\"color: #000000;\">\u00a0per maggiori informazioni.<\/p>\n<p><\/span><\/span><em><span style=\"color: #000000; font-size: medium;\"><br \/>\nLe Royaume du Maroc a adh\u00e9r\u00e9 \u00e0 la Convention de La Haye du 5 Octobre 1961 concernant l\u2019abolition de la n\u00e9cessit\u00e9 de la l\u00e9galisation des documents et ce \u00e0 partir du 14 Ao\u00fbt 2016. Par cons\u00e9quent, \u00e0 compter de cette date,<\/span>\u00a0<b><span style=\"color: #000000; font-size: medium;\">les Repr\u00e9sentations Consulaires Italiennes au Royaume du Maroc ne sont plus autoris\u00e9es \u00e0 l\u00e9galiser les actes publics marocains destin\u00e9s \u00e0 \u00eatre produits en Italie<\/span><\/b><\/em><em><span style=\"font-size: medium;\"><span style=\"color: #000000;\">. Ces documents, y compris leurs traductions effectu\u00e9es par les traducteurs asserment\u00e9s, seront soumis \u00e0 la formalit\u00e9 de l \u2018\u201dApostille\u201d pr\u00e9vue par la su-dite Convention, qui sera assur\u00e9e par les autorit\u00e9s comp\u00e9tentes d\u00e9sign\u00e9es par le Royaume du Maroc.<\/p>\n<p><\/span><\/span><span style=\"color: #000000; font-size: medium;\">Il est sugg\u00e9r\u00e9 de consulter le site web\u00a0<\/span><\/em><a title=\"www.apostille.ma\" href=\"http:\/\/www.apostille.ma\/\"><span style=\"color: #0000ff; font-size: medium;\"><em>www.apostille.ma<\/em><\/span><\/a><em><span style=\"color: #000000; font-size: medium;\">\u00a0pour plus d\u2019informations.<\/span><\/em><\/p>\n<p>&nbsp;<\/p>\n<p><a href=\"https:\/\/ambrabat.esteri.it\/wp-content\/uploads\/2024\/01\/Traduttori_25012024112252.pdf\">Elenco dei traduttori giurati<\/a><\/p>\n","protected":false},"excerpt":{"rendered":"Il Regno del Marocco ha aderito alla Convezione dell\u2019Aia del 5 Ottobre 1961 sull\u2019abolizione della necessit\u00e0 della legalizzazione dei documenti con decorrenza 14 Agosto 2016. Pertanto, a partire da tale data,\u00a0le Rappresentanze Consolari italiane nel Regno del Marocco non sono piu\u2019 autorizzate a legalizzare gli atti pubblici marocchini destinati a essere prodotti in Italia. Tali [&hellip;]","protected":false},"author":1,"featured_media":0,"parent":48,"menu_order":4,"comment_status":"closed","ping_status":"closed","template":"","meta":{"footnotes":""},"class_list":["post-91","page","type-page","status-publish","hentry"],"_links":{"self":[{"href":"https:\/\/ambrabat.esteri.it\/it\/wp-json\/wp\/v2\/pages\/91","targetHints":{"allow":["GET"]}}],"collection":[{"href":"https:\/\/ambrabat.esteri.it\/it\/wp-json\/wp\/v2\/pages"}],"about":[{"href":"https:\/\/ambrabat.esteri.it\/it\/wp-json\/wp\/v2\/types\/page"}],"author":[{"embeddable":true,"href":"https:\/\/ambrabat.esteri.it\/it\/wp-json\/wp\/v2\/users\/1"}],"replies":[{"embeddable":true,"href":"https:\/\/ambrabat.esteri.it\/it\/wp-json\/wp\/v2\/comments?post=91"}],"version-history":[{"count":4,"href":"https:\/\/ambrabat.esteri.it\/it\/wp-json\/wp\/v2\/pages\/91\/revisions"}],"predecessor-version":[{"id":3259,"href":"https:\/\/ambrabat.esteri.it\/it\/wp-json\/wp\/v2\/pages\/91\/revisions\/3259"}],"up":[{"embeddable":true,"href":"https:\/\/ambrabat.esteri.it\/it\/wp-json\/wp\/v2\/pages\/48"}],"wp:attachment":[{"href":"https:\/\/ambrabat.esteri.it\/it\/wp-json\/wp\/v2\/media?parent=91"}],"curies":[{"name":"wp","href":"https:\/\/api.w.org\/{rel}","templated":true}]}}